{"id":2938,"date":"2018-05-30T12:10:07","date_gmt":"2018-05-30T12:10:07","guid":{"rendered":"https:\/\/www.miquelmasmarti.com\/?page_id=2938"},"modified":"2018-07-11T09:39:06","modified_gmt":"2018-07-11T09:39:06","slug":"miscelanea","status":"publish","type":"page","link":"https:\/\/www.miquelmasmarti.com\/es\/miscelanea\/","title":{"rendered":"Miscel\u00e1nea"},"content":{"rendered":"<div class=\"row\">\n<div class=\"col-lg-3\">\n<h3>Escenograf\u00edas<\/h3>\n<p class=\"small\">El concepto de escenograf\u00eda lo utilizamos para designar un arte, el de dise\u00f1ar decorados esc\u00e9nicos especialmente para espect\u00e1culos. <\/p>\n<p class=\"small\">La escenograf\u00eda puede llegar a tener un papel muy importante, puesto que cada elemento que la compone: el mobiliario, los telones, la luz y los diversos objetos, contribuyen en el contexto de la dramatizaci\u00f3n, en la representaci\u00f3n de un espacio y en la creaci\u00f3n de una atm\u00f3sfera en la cual transcurren los hechos y traen al espectador a vivir las experiencias y sensaciones que quiere transmitir el director o el actor. <\/p>\n<p class=\"small\">Los telones pintados por Miquel Mas han sido una pieza clave en las escenograf\u00edas en las cuales ha colaborado. En la <i>Retrospectiva<\/i>, adem\u00e1s, sus pinturas fueron importantes para construir el papel de la protagonista.<\/p>\n<p class=\"small\"><b><i>Retrospectiva de Rosa Von Vass<\/i>. Producci\u00f3n de Triangle Teatre (Cornell\u00e0)<\/b><br \/>\nEstreno: Vilanova i la Geltr\u00fa, 25 de enero de 1997 <\/p>\n<p class=\"small\"><b><i>Un ballo in maschera<\/i>. Producci\u00f3n de los Amigos de la \u00d3pera de Sabadell<\/b><br \/>\nEstreno: Sabadell, 17 de noviembre de 1993<\/p>\n<p class=\"small\"><b><i>\u00abEl Maco de la Laia\u00bb<\/i>. Producci\u00f3n Esbart Dansaire de Rub\u00ed.<\/b><br \/>\nEstreno: Rub\u00ed, 29 de junio de 1990<\/p>\n<p class=\"small\"><b><i>La Disputa de Marivaux<\/i>. Producci\u00f3n del Centro Dram\u00e1tico del Vall\u00e9s.Terrassa.<\/b><br \/>\nEstreno: Terrassa, 1987<\/p>\n<\/div>\n<div class=\"col-lg-9\">\n<div class=\"row\">\n<div class=\"col-lg-6\">\n<p><img decoding=\"async\" src=\"https:\/\/www.miquelmasmarti.com\/wp-content\/uploads\/2018\/05\/Rosa-Von-Vass1.jpg\" alt=\"\" class=\"img-responsive\" \/><\/p>\n<\/div>\n<div class=\"col-lg-6\">\n<p><img decoding=\"async\" src=\"https:\/\/www.miquelmasmarti.com\/wp-content\/uploads\/2018\/05\/Rosa-Von-Vass-1.jpg\" alt=\"\" class=\"img-responsive\" \/><\/p>\n<\/div>\n<div class=\"col-lg-6\">\n<p><img decoding=\"async\" src=\"https:\/\/www.miquelmasmarti.com\/wp-content\/uploads\/2018\/05\/Un-Ballo-1.jpg\" alt=\"\" class=\"img-responsive\" \/><\/p>\n<\/div>\n<div class=\"col-lg-6\">\n<p><img decoding=\"async\" src=\"https:\/\/www.miquelmasmarti.com\/wp-content\/uploads\/2018\/05\/Un-Ballo2.jpg\" alt=\"\" class=\"img-responsive\" \/><\/p>\n<\/div>\n<div class=\"col-lg-6\">\n<p><img decoding=\"async\" src=\"https:\/\/www.miquelmasmarti.com\/wp-content\/uploads\/2018\/05\/Esbart-1.jpg\" alt=\"\" class=\"img-responsive\" \/><\/p>\n<\/div>\n<div class=\"col-lg-6\">\n<p><img decoding=\"async\" src=\"https:\/\/www.miquelmasmarti.com\/wp-content\/uploads\/2018\/05\/Esbart2-1.jpg\" alt=\"\" class=\"img-responsive\" \/><\/p>\n<\/div>\n<div class=\"col-lg-6\">\n<p><img decoding=\"async\" src=\"https:\/\/www.miquelmasmarti.com\/wp-content\/uploads\/2018\/05\/La-Disputa-1.jpg\" alt=\"\" class=\"img-responsive\" \/><\/p>\n<\/div>\n<div class=\"col-lg-6\">\n<p><img decoding=\"async\" src=\"https:\/\/www.miquelmasmarti.com\/wp-content\/uploads\/2018\/05\/La-Disputa1-1.jpg\" alt=\"\" class=\"img-responsive\" \/><\/p>\n<\/div>\n<\/div>\n<\/div>\n<\/div>\n<div class=\"row\">\n<div class=\"col-lg-3\">\n<h3>Publicaciones<\/h3>\n<p class=\"small\"><b>\u00abHumanos\u00bb<\/b><br \/>\nDibujos: Miquel Mas<br \/>\nPr\u00f3logo: Joan Manuel Tresserras<br \/>\nN\u00famero de p\u00e1ginas: 48<br \/>\nA\u00f1o de edici\u00f3n: 2010<\/p>\n<p class=\"small\"><b>\u00abRetratos de la posteridad\u00bb<\/b><br \/>\nPinturas: Miquel Mas<br \/>\nRelatos: Joan Manuel Tresserras<br \/>\nN\u00famero de p\u00e1ginas: 32<br \/>\nA\u00f1o de edici\u00f3n: 1995<\/p>\n<p class=\"small\"><b>\u00abPoemas\u00bb<\/b><br \/>\nPoemas: Feliu Formosa<br \/>\nPinturas: Miquel Mas<br \/>\nN\u00famero de p\u00e1ginas: 20<br \/>\nA\u00f1o de edici\u00f3n: 1990<\/p>\n<p class=\"small\"><b>\u00abKam\u00e0lia\u00bb<\/b><br \/>\nRelatos: Joan Manuel Tresserras<br \/>\nIlustraciones: Miquel Mas<br \/>\nN\u00famero de p\u00e1ginas: 20<br \/>\nA\u00f1o de edici\u00f3n: 1980<\/p>\n<\/div>\n<div class=\"col-lg-9\">\n<div class=\"row\">\n<div class=\"col-lg-6\">\n<p><img decoding=\"async\" src=\"https:\/\/www.miquelmasmarti.com\/wp-content\/uploads\/2018\/05\/Publicacions-1.jpg\" alt=\"\" class=\"img-responsive\" \/><\/p>\n<\/p><\/div>\n<div class=\"col-lg-6\">\n<p><img decoding=\"async\" src=\"https:\/\/www.miquelmasmarti.com\/wp-content\/uploads\/2018\/07\/Publicacions2-1.jpg\" alt=\"\" class=\"img-responsive\" \/><\/p>\n<\/p><\/div>\n<\/p><\/div>\n<\/div>\n<\/div>\n<div class=\"row\">\n<div class=\"col-lg-3\">\n<h3>Mural<\/h3>\n<p class=\"small\"><b>Mundial Bar<\/b><br \/>\n   Pl. Sant Agust\u00ed Vell, 1 Barcelona<\/p>\n<\/div>\n<div class=\"col-lg-9\">\n<div class=\"row\">\n<div class=\"col-lg-6\">\n<p><img decoding=\"async\" src=\"https:\/\/www.miquelmasmarti.com\/wp-content\/uploads\/2018\/05\/Mundial-Bar-1.jpg\" alt=\"\" class=\"img-responsive\" \/><\/p>\n<\/p><\/div>\n<\/p><\/div>\n<\/div>\n<\/div>\n","protected":false},"excerpt":{"rendered":"<p>Escenograf\u00edas El concepto de escenograf\u00eda lo utilizamos para designar un arte, el de dise\u00f1ar decorados esc\u00e9nicos especialmente para espect\u00e1culos. La escenograf\u00eda puede llegar a tener &hellip;<\/p>\n","protected":false},"author":1,"featured_media":0,"parent":0,"menu_order":0,"comment_status":"closed","ping_status":"closed","template":"","meta":{"footnotes":""},"class_list":["post-2938","page","type-page","status-publish","hentry"],"yoast_head":"<!-- This site is optimized with the Yoast SEO plugin v27.0 - https:\/\/yoast.com\/product\/yoast-seo-wordpress\/ -->\n<title>Miscel\u00e1nea - Miquel Mas<\/title>\n<meta name=\"robots\" content=\"index, follow, max-snippet:-1, max-image-preview:large, max-video-preview:-1\" \/>\n<link rel=\"canonical\" href=\"https:\/\/www.miquelmasmarti.com\/es\/miscelanea\/\" \/>\n<meta property=\"og:locale\" content=\"es_ES\" \/>\n<meta property=\"og:type\" content=\"article\" \/>\n<meta property=\"og:title\" content=\"Miscel\u00e1nea - Miquel Mas\" \/>\n<meta property=\"og:description\" content=\"Escenograf\u00edas El concepto de escenograf\u00eda lo utilizamos para designar un arte, el de dise\u00f1ar decorados esc\u00e9nicos especialmente para espect\u00e1culos. La escenograf\u00eda puede llegar a tener &hellip;\" \/>\n<meta property=\"og:url\" content=\"https:\/\/www.miquelmasmarti.com\/es\/miscelanea\/\" \/>\n<meta property=\"og:site_name\" content=\"Miquel Mas\" \/>\n<meta property=\"article:modified_time\" content=\"2018-07-11T09:39:06+00:00\" \/>\n<meta property=\"og:image\" content=\"https:\/\/www.miquelmasmarti.com\/wp-content\/uploads\/2018\/05\/Rosa-Von-Vass1.jpg\" \/>\n<meta name=\"twitter:card\" content=\"summary_large_image\" \/>\n<meta name=\"twitter:label1\" content=\"Tiempo de lectura\" \/>\n\t<meta name=\"twitter:data1\" content=\"1 minuto\" \/>\n<script type=\"application\/ld+json\" class=\"yoast-schema-graph\">{\"@context\":\"https:\/\/schema.org\",\"@graph\":[{\"@type\":\"WebPage\",\"@id\":\"https:\/\/www.miquelmasmarti.com\/es\/miscelanea\/\",\"url\":\"https:\/\/www.miquelmasmarti.com\/es\/miscelanea\/\",\"name\":\"Miscel\u00e1nea - Miquel Mas\",\"isPartOf\":{\"@id\":\"https:\/\/www.miquelmasmarti.com\/es\/#website\"},\"primaryImageOfPage\":{\"@id\":\"https:\/\/www.miquelmasmarti.com\/es\/miscelanea\/#primaryimage\"},\"image\":{\"@id\":\"https:\/\/www.miquelmasmarti.com\/es\/miscelanea\/#primaryimage\"},\"thumbnailUrl\":\"https:\/\/www.miquelmasmarti.com\/wp-content\/uploads\/2018\/05\/Rosa-Von-Vass1.jpg\",\"datePublished\":\"2018-05-30T12:10:07+00:00\",\"dateModified\":\"2018-07-11T09:39:06+00:00\",\"breadcrumb\":{\"@id\":\"https:\/\/www.miquelmasmarti.com\/es\/miscelanea\/#breadcrumb\"},\"inLanguage\":\"es\",\"potentialAction\":[{\"@type\":\"ReadAction\",\"target\":[\"https:\/\/www.miquelmasmarti.com\/es\/miscelanea\/\"]}]},{\"@type\":\"ImageObject\",\"inLanguage\":\"es\",\"@id\":\"https:\/\/www.miquelmasmarti.com\/es\/miscelanea\/#primaryimage\",\"url\":\"https:\/\/www.miquelmasmarti.com\/wp-content\/uploads\/2018\/05\/Rosa-Von-Vass1.jpg\",\"contentUrl\":\"https:\/\/www.miquelmasmarti.com\/wp-content\/uploads\/2018\/05\/Rosa-Von-Vass1.jpg\"},{\"@type\":\"BreadcrumbList\",\"@id\":\"https:\/\/www.miquelmasmarti.com\/es\/miscelanea\/#breadcrumb\",\"itemListElement\":[{\"@type\":\"ListItem\",\"position\":1,\"name\":\"Portada\",\"item\":\"https:\/\/www.miquelmasmarti.com\/es\/\"},{\"@type\":\"ListItem\",\"position\":2,\"name\":\"Miscel\u00e1nea\"}]},{\"@type\":\"WebSite\",\"@id\":\"https:\/\/www.miquelmasmarti.com\/es\/#website\",\"url\":\"https:\/\/www.miquelmasmarti.com\/es\/\",\"name\":\"Miquel Mas\",\"description\":\"Otro sitio realizado con WordPress\",\"potentialAction\":[{\"@type\":\"SearchAction\",\"target\":{\"@type\":\"EntryPoint\",\"urlTemplate\":\"https:\/\/www.miquelmasmarti.com\/es\/?s={search_term_string}\"},\"query-input\":{\"@type\":\"PropertyValueSpecification\",\"valueRequired\":true,\"valueName\":\"search_term_string\"}}],\"inLanguage\":\"es\"}]}<\/script>\n<!-- \/ Yoast SEO plugin. -->","yoast_head_json":{"title":"Miscel\u00e1nea - Miquel Mas","robots":{"index":"index","follow":"follow","max-snippet":"max-snippet:-1","max-image-preview":"max-image-preview:large","max-video-preview":"max-video-preview:-1"},"canonical":"https:\/\/www.miquelmasmarti.com\/es\/miscelanea\/","og_locale":"es_ES","og_type":"article","og_title":"Miscel\u00e1nea - Miquel Mas","og_description":"Escenograf\u00edas El concepto de escenograf\u00eda lo utilizamos para designar un arte, el de dise\u00f1ar decorados esc\u00e9nicos especialmente para espect\u00e1culos. La escenograf\u00eda puede llegar a tener &hellip;","og_url":"https:\/\/www.miquelmasmarti.com\/es\/miscelanea\/","og_site_name":"Miquel Mas","article_modified_time":"2018-07-11T09:39:06+00:00","og_image":[{"url":"https:\/\/www.miquelmasmarti.com\/wp-content\/uploads\/2018\/05\/Rosa-Von-Vass1.jpg","type":"","width":"","height":""}],"twitter_card":"summary_large_image","twitter_misc":{"Tiempo de lectura":"1 minuto"},"schema":{"@context":"https:\/\/schema.org","@graph":[{"@type":"WebPage","@id":"https:\/\/www.miquelmasmarti.com\/es\/miscelanea\/","url":"https:\/\/www.miquelmasmarti.com\/es\/miscelanea\/","name":"Miscel\u00e1nea - Miquel Mas","isPartOf":{"@id":"https:\/\/www.miquelmasmarti.com\/es\/#website"},"primaryImageOfPage":{"@id":"https:\/\/www.miquelmasmarti.com\/es\/miscelanea\/#primaryimage"},"image":{"@id":"https:\/\/www.miquelmasmarti.com\/es\/miscelanea\/#primaryimage"},"thumbnailUrl":"https:\/\/www.miquelmasmarti.com\/wp-content\/uploads\/2018\/05\/Rosa-Von-Vass1.jpg","datePublished":"2018-05-30T12:10:07+00:00","dateModified":"2018-07-11T09:39:06+00:00","breadcrumb":{"@id":"https:\/\/www.miquelmasmarti.com\/es\/miscelanea\/#breadcrumb"},"inLanguage":"es","potentialAction":[{"@type":"ReadAction","target":["https:\/\/www.miquelmasmarti.com\/es\/miscelanea\/"]}]},{"@type":"ImageObject","inLanguage":"es","@id":"https:\/\/www.miquelmasmarti.com\/es\/miscelanea\/#primaryimage","url":"https:\/\/www.miquelmasmarti.com\/wp-content\/uploads\/2018\/05\/Rosa-Von-Vass1.jpg","contentUrl":"https:\/\/www.miquelmasmarti.com\/wp-content\/uploads\/2018\/05\/Rosa-Von-Vass1.jpg"},{"@type":"BreadcrumbList","@id":"https:\/\/www.miquelmasmarti.com\/es\/miscelanea\/#breadcrumb","itemListElement":[{"@type":"ListItem","position":1,"name":"Portada","item":"https:\/\/www.miquelmasmarti.com\/es\/"},{"@type":"ListItem","position":2,"name":"Miscel\u00e1nea"}]},{"@type":"WebSite","@id":"https:\/\/www.miquelmasmarti.com\/es\/#website","url":"https:\/\/www.miquelmasmarti.com\/es\/","name":"Miquel Mas","description":"Otro sitio realizado con WordPress","potentialAction":[{"@type":"SearchAction","target":{"@type":"EntryPoint","urlTemplate":"https:\/\/www.miquelmasmarti.com\/es\/?s={search_term_string}"},"query-input":{"@type":"PropertyValueSpecification","valueRequired":true,"valueName":"search_term_string"}}],"inLanguage":"es"}]}},"_links":{"self":[{"href":"https:\/\/www.miquelmasmarti.com\/es\/wp-json\/wp\/v2\/pages\/2938","targetHints":{"allow":["GET"]}}],"collection":[{"href":"https:\/\/www.miquelmasmarti.com\/es\/wp-json\/wp\/v2\/pages"}],"about":[{"href":"https:\/\/www.miquelmasmarti.com\/es\/wp-json\/wp\/v2\/types\/page"}],"author":[{"embeddable":true,"href":"https:\/\/www.miquelmasmarti.com\/es\/wp-json\/wp\/v2\/users\/1"}],"replies":[{"embeddable":true,"href":"https:\/\/www.miquelmasmarti.com\/es\/wp-json\/wp\/v2\/comments?post=2938"}],"version-history":[{"count":27,"href":"https:\/\/www.miquelmasmarti.com\/es\/wp-json\/wp\/v2\/pages\/2938\/revisions"}],"predecessor-version":[{"id":3469,"href":"https:\/\/www.miquelmasmarti.com\/es\/wp-json\/wp\/v2\/pages\/2938\/revisions\/3469"}],"wp:attachment":[{"href":"https:\/\/www.miquelmasmarti.com\/es\/wp-json\/wp\/v2\/media?parent=2938"}],"curies":[{"name":"wp","href":"https:\/\/api.w.org\/{rel}","templated":true}]}}