{"id":15,"date":"2018-04-02T13:55:45","date_gmt":"2018-04-02T13:55:45","guid":{"rendered":"https:\/\/www.miquelmasmarti.com\/?page_id=15"},"modified":"2018-07-11T09:43:54","modified_gmt":"2018-07-11T09:43:54","slug":"inicio","status":"publish","type":"page","link":"https:\/\/www.miquelmasmarti.com\/es\/","title":{"rendered":"Inicio"},"content":{"rendered":"<ul id=\"techniques\" class=\"techniques-list\">\n<li>\n<div class=\"technique zoom\"><a href=\"\/es\/ocategory\/el-alma-de-las-cosas\/\"><\/p>\n<div class=\"technique-img zoomed\" style=\"background-image: url('\/wp-content\/uploads\/2018\/04\/tecnicas_01-300x700.jpg');\"><\/div>\n<div class=\"technique-lbl\">Aer\u00f3grafo \/ Acr\u00edlico<\/div>\n<p><\/a><\/div>\n<\/li>\n<li>\n<div class=\"technique zoom\"><a href=\"\/es\/ocategory\/retratos-de-la-posteridad\/\"><\/p>\n<div class=\"technique-img zoomed\" style=\"background-image: url('\/wp-content\/uploads\/2018\/04\/tecnicas_02-300x700.jpg');\"><\/div>\n<div class=\"technique-lbl\">Collage<\/div>\n<p><\/a><\/div>\n<\/li>\n<li>\n<div class=\"technique zoom\"><a href=\"\/es\/ocategory\/dibujo\/\"><\/p>\n<div class=\"technique-img zoomed\" style=\"background-image: url('\/wp-content\/uploads\/2018\/04\/tecnicas_03-300x700.jpg');\"><\/div>\n<div class=\"technique-lbl\">L\u00e1piz<\/div>\n<p><\/a><\/div>\n<\/li>\n<li>\n<div class=\"technique zoom\"><a href=\"\/es\/ocategory\/naturalezas-muertas\/\"><\/p>\n<div class=\"technique-img zoomed\" style=\"background-image: url('\/wp-content\/uploads\/2018\/04\/tecnicas_04-300x700.jpg');\"><\/div>\n<div class=\"technique-lbl\">\u00d3leo \/ Acr\u00edlico<\/div>\n<p><\/a><\/div>\n<\/li>\n<li>\n<div class=\"technique zoom\"><a href=\"\/es\/ocategory\/esculturas\/\"><\/p>\n<div class=\"technique-img zoomed\" style=\"background-image: url('\/wp-content\/uploads\/2018\/04\/tecnicas_05-300x700.jpg');\"><\/div>\n<div class=\"technique-lbl\">Ensamblaje<\/div>\n<p><\/a><\/div>\n<\/li>\n<\/ul>\n","protected":false},"excerpt":{"rendered":"<p>Aer\u00f3grafo \/ Acr\u00edlico Collage L\u00e1piz \u00d3leo \/ Acr\u00edlico Ensamblaje<\/p>\n","protected":false},"author":1,"featured_media":605,"parent":0,"menu_order":0,"comment_status":"closed","ping_status":"closed","template":"","meta":{"footnotes":""},"class_list":["post-15","page","type-page","status-publish","has-post-thumbnail","hentry"],"yoast_head":"<!-- This site is optimized with the Yoast SEO plugin v27.0 - https:\/\/yoast.com\/product\/yoast-seo-wordpress\/ -->\n<title>Inicio - Miquel Mas<\/title>\n<meta name=\"robots\" content=\"index, follow, max-snippet:-1, max-image-preview:large, max-video-preview:-1\" \/>\n<link rel=\"canonical\" href=\"https:\/\/www.miquelmasmarti.com\/es\/\" \/>\n<meta property=\"og:locale\" content=\"es_ES\" \/>\n<meta property=\"og:type\" content=\"article\" \/>\n<meta property=\"og:title\" content=\"Inicio - Miquel Mas\" \/>\n<meta property=\"og:description\" content=\"Aer\u00f3grafo \/ Acr\u00edlico Collage L\u00e1piz \u00d3leo \/ Acr\u00edlico Ensamblaje\" \/>\n<meta property=\"og:url\" content=\"https:\/\/www.miquelmasmarti.com\/es\/\" \/>\n<meta property=\"og:site_name\" content=\"Miquel Mas\" \/>\n<meta property=\"article:modified_time\" content=\"2018-07-11T09:43:54+00:00\" \/>\n<meta property=\"og:image\" content=\"https:\/\/www.miquelmasmarti.com\/wp-content\/uploads\/2018\/04\/MiquelMasEstudi.jpg\" \/>\n\t<meta property=\"og:image:width\" content=\"1600\" \/>\n\t<meta property=\"og:image:height\" content=\"1200\" \/>\n\t<meta property=\"og:image:type\" content=\"image\/jpeg\" \/>\n<meta name=\"twitter:card\" content=\"summary_large_image\" \/>\n<script type=\"application\/ld+json\" class=\"yoast-schema-graph\">{\"@context\":\"https:\/\/schema.org\",\"@graph\":[{\"@type\":\"WebPage\",\"@id\":\"https:\/\/www.miquelmasmarti.com\/es\/\",\"url\":\"https:\/\/www.miquelmasmarti.com\/es\/\",\"name\":\"Inicio - Miquel Mas\",\"isPartOf\":{\"@id\":\"https:\/\/www.miquelmasmarti.com\/es\/#website\"},\"primaryImageOfPage\":{\"@id\":\"https:\/\/www.miquelmasmarti.com\/es\/#primaryimage\"},\"image\":{\"@id\":\"https:\/\/www.miquelmasmarti.com\/es\/#primaryimage\"},\"thumbnailUrl\":\"https:\/\/www.miquelmasmarti.com\/wp-content\/uploads\/2018\/04\/MiquelMasEstudi.jpg\",\"datePublished\":\"2018-04-02T13:55:45+00:00\",\"dateModified\":\"2018-07-11T09:43:54+00:00\",\"breadcrumb\":{\"@id\":\"https:\/\/www.miquelmasmarti.com\/es\/#breadcrumb\"},\"inLanguage\":\"es\",\"potentialAction\":[{\"@type\":\"ReadAction\",\"target\":[\"https:\/\/www.miquelmasmarti.com\/es\/\"]}]},{\"@type\":\"ImageObject\",\"inLanguage\":\"es\",\"@id\":\"https:\/\/www.miquelmasmarti.com\/es\/#primaryimage\",\"url\":\"https:\/\/www.miquelmasmarti.com\/wp-content\/uploads\/2018\/04\/MiquelMasEstudi.jpg\",\"contentUrl\":\"https:\/\/www.miquelmasmarti.com\/wp-content\/uploads\/2018\/04\/MiquelMasEstudi.jpg\",\"width\":1600,\"height\":1200},{\"@type\":\"BreadcrumbList\",\"@id\":\"https:\/\/www.miquelmasmarti.com\/es\/#breadcrumb\",\"itemListElement\":[{\"@type\":\"ListItem\",\"position\":1,\"name\":\"Portada\",\"item\":\"https:\/\/www.miquelmasmarti.com\/es\/\"},{\"@type\":\"ListItem\",\"position\":2,\"name\":\"Inicio\"}]},{\"@type\":\"WebSite\",\"@id\":\"https:\/\/www.miquelmasmarti.com\/es\/#website\",\"url\":\"https:\/\/www.miquelmasmarti.com\/es\/\",\"name\":\"Miquel Mas\",\"description\":\"Otro sitio realizado con WordPress\",\"potentialAction\":[{\"@type\":\"SearchAction\",\"target\":{\"@type\":\"EntryPoint\",\"urlTemplate\":\"https:\/\/www.miquelmasmarti.com\/es\/?s={search_term_string}\"},\"query-input\":{\"@type\":\"PropertyValueSpecification\",\"valueRequired\":true,\"valueName\":\"search_term_string\"}}],\"inLanguage\":\"es\"}]}<\/script>\n<!-- \/ Yoast SEO plugin. -->","yoast_head_json":{"title":"Inicio - Miquel Mas","robots":{"index":"index","follow":"follow","max-snippet":"max-snippet:-1","max-image-preview":"max-image-preview:large","max-video-preview":"max-video-preview:-1"},"canonical":"https:\/\/www.miquelmasmarti.com\/es\/","og_locale":"es_ES","og_type":"article","og_title":"Inicio - Miquel Mas","og_description":"Aer\u00f3grafo \/ Acr\u00edlico Collage L\u00e1piz \u00d3leo \/ Acr\u00edlico Ensamblaje","og_url":"https:\/\/www.miquelmasmarti.com\/es\/","og_site_name":"Miquel Mas","article_modified_time":"2018-07-11T09:43:54+00:00","og_image":[{"width":1600,"height":1200,"url":"https:\/\/www.miquelmasmarti.com\/wp-content\/uploads\/2018\/04\/MiquelMasEstudi.jpg","type":"image\/jpeg"}],"twitter_card":"summary_large_image","schema":{"@context":"https:\/\/schema.org","@graph":[{"@type":"WebPage","@id":"https:\/\/www.miquelmasmarti.com\/es\/","url":"https:\/\/www.miquelmasmarti.com\/es\/","name":"Inicio - Miquel Mas","isPartOf":{"@id":"https:\/\/www.miquelmasmarti.com\/es\/#website"},"primaryImageOfPage":{"@id":"https:\/\/www.miquelmasmarti.com\/es\/#primaryimage"},"image":{"@id":"https:\/\/www.miquelmasmarti.com\/es\/#primaryimage"},"thumbnailUrl":"https:\/\/www.miquelmasmarti.com\/wp-content\/uploads\/2018\/04\/MiquelMasEstudi.jpg","datePublished":"2018-04-02T13:55:45+00:00","dateModified":"2018-07-11T09:43:54+00:00","breadcrumb":{"@id":"https:\/\/www.miquelmasmarti.com\/es\/#breadcrumb"},"inLanguage":"es","potentialAction":[{"@type":"ReadAction","target":["https:\/\/www.miquelmasmarti.com\/es\/"]}]},{"@type":"ImageObject","inLanguage":"es","@id":"https:\/\/www.miquelmasmarti.com\/es\/#primaryimage","url":"https:\/\/www.miquelmasmarti.com\/wp-content\/uploads\/2018\/04\/MiquelMasEstudi.jpg","contentUrl":"https:\/\/www.miquelmasmarti.com\/wp-content\/uploads\/2018\/04\/MiquelMasEstudi.jpg","width":1600,"height":1200},{"@type":"BreadcrumbList","@id":"https:\/\/www.miquelmasmarti.com\/es\/#breadcrumb","itemListElement":[{"@type":"ListItem","position":1,"name":"Portada","item":"https:\/\/www.miquelmasmarti.com\/es\/"},{"@type":"ListItem","position":2,"name":"Inicio"}]},{"@type":"WebSite","@id":"https:\/\/www.miquelmasmarti.com\/es\/#website","url":"https:\/\/www.miquelmasmarti.com\/es\/","name":"Miquel Mas","description":"Otro sitio realizado con WordPress","potentialAction":[{"@type":"SearchAction","target":{"@type":"EntryPoint","urlTemplate":"https:\/\/www.miquelmasmarti.com\/es\/?s={search_term_string}"},"query-input":{"@type":"PropertyValueSpecification","valueRequired":true,"valueName":"search_term_string"}}],"inLanguage":"es"}]}},"_links":{"self":[{"href":"https:\/\/www.miquelmasmarti.com\/es\/wp-json\/wp\/v2\/pages\/15","targetHints":{"allow":["GET"]}}],"collection":[{"href":"https:\/\/www.miquelmasmarti.com\/es\/wp-json\/wp\/v2\/pages"}],"about":[{"href":"https:\/\/www.miquelmasmarti.com\/es\/wp-json\/wp\/v2\/types\/page"}],"author":[{"embeddable":true,"href":"https:\/\/www.miquelmasmarti.com\/es\/wp-json\/wp\/v2\/users\/1"}],"replies":[{"embeddable":true,"href":"https:\/\/www.miquelmasmarti.com\/es\/wp-json\/wp\/v2\/comments?post=15"}],"version-history":[{"count":26,"href":"https:\/\/www.miquelmasmarti.com\/es\/wp-json\/wp\/v2\/pages\/15\/revisions"}],"predecessor-version":[{"id":3473,"href":"https:\/\/www.miquelmasmarti.com\/es\/wp-json\/wp\/v2\/pages\/15\/revisions\/3473"}],"wp:featuredmedia":[{"embeddable":true,"href":"https:\/\/www.miquelmasmarti.com\/es\/wp-json\/wp\/v2\/media\/605"}],"wp:attachment":[{"href":"https:\/\/www.miquelmasmarti.com\/es\/wp-json\/wp\/v2\/media?parent=15"}],"curies":[{"name":"wp","href":"https:\/\/api.w.org\/{rel}","templated":true}]}}